{"id":7,"date":"2021-02-05T18:18:56","date_gmt":"2021-02-05T16:18:56","guid":{"rendered":"http:\/\/10.10.10.68\/?page_id=7"},"modified":"2021-03-22T13:47:06","modified_gmt":"2021-03-22T11:47:06","slug":"home","status":"publish","type":"page","link":"https:\/\/www.asntech.net\/","title":{"rendered":"Home"},"content":{"rendered":"<p>Die ASNTECH GmbH ist ein IT-Dienstleistungsunternehmen dessen Kernbereich die Administration von Netzwerken ist. Die Serverumgebung &#8211; wie auch die gesamte Netzwerkstruktur &#8211; ist individuell auf unsere Kunden zugeschnitten. Oft werden Windows- und Linux-Server L\u00f6sungen kombiniert.<\/p>\n<p>F\u00fcr den entfernten Zugriff &#8211; z.B. um entfernte Firmenstandorte zu verbinden, oder Homeoffice Zug\u00e4nge zur Verf\u00fcgung zu stellen &#8211; bietet die ASNTECH gerne individuelle VPN L\u00f6sungen an. Um dabei den n\u00f6tigen Schutz vor Cyberangriffen zu bieten, projektieren wir nach Kundenwunsch professionelle L\u00f6sungen.<\/p>\n<p>Teil unseres Services ist die Verwaltung der Wartungsvertr\u00e4ge f\u00fcr Soft- und Hardware. Auch notwendige Hard- und Software kann \u00fcber die ASNTECH bezogen werden.<\/p>\n<p>Haben wir Ihr Interesse geweckt?<\/p>\n<p>Dann schicken Sie uns doch eine unverbindliche Email an info@asntech.net.<\/p>\n","protected":false},"excerpt":{"rendered":"<p>Die ASNTECH GmbH ist ein IT-Dienstleistungsunternehmen dessen Kernbereich die Administration von Netzwerken ist. Die Serverumgebung &#8211; wie auch die gesamte Netzwerkstruktur &#8211; ist individuell auf unsere Kunden zugeschnitten. Oft werden Windows- und Linux-Server L\u00f6sungen kombiniert. F\u00fcr den entfernten Zugriff &#8211;&#8230; <a href=\"https:\/\/www.asntech.net\/\" class=\"readmore\">Weiterlesen<span class=\"screen-reader-text\">Home<\/span><span class=\"fa fa-angle-double-right\" aria-hidden=\"true\"><\/span><\/a><\/p>\n","protected":false},"author":1,"featured_media":0,"parent":0,"menu_order":0,"comment_status":"closed","ping_status":"closed","template":"","meta":{"footnotes":""},"class_list":["post-7","page","type-page","status-publish","hentry"],"jetpack_sharing_enabled":true,"_links":{"self":[{"href":"https:\/\/www.asntech.net\/index.php\/wp-json\/wp\/v2\/pages\/7","targetHints":{"allow":["GET"]}}],"collection":[{"href":"https:\/\/www.asntech.net\/index.php\/wp-json\/wp\/v2\/pages"}],"about":[{"href":"https:\/\/www.asntech.net\/index.php\/wp-json\/wp\/v2\/types\/page"}],"author":[{"embeddable":true,"href":"https:\/\/www.asntech.net\/index.php\/wp-json\/wp\/v2\/users\/1"}],"replies":[{"embeddable":true,"href":"https:\/\/www.asntech.net\/index.php\/wp-json\/wp\/v2\/comments?post=7"}],"version-history":[{"count":3,"href":"https:\/\/www.asntech.net\/index.php\/wp-json\/wp\/v2\/pages\/7\/revisions"}],"predecessor-version":[{"id":17915,"href":"https:\/\/www.asntech.net\/index.php\/wp-json\/wp\/v2\/pages\/7\/revisions\/17915"}],"wp:attachment":[{"href":"https:\/\/www.asntech.net\/index.php\/wp-json\/wp\/v2\/media?parent=7"}],"curies":[{"name":"wp","href":"https:\/\/api.w.org\/{rel}","templated":true}]}}