{"id":85,"date":"2019-11-07T15:47:17","date_gmt":"2019-11-07T13:47:17","guid":{"rendered":"https:\/\/www.asntech.net\/?page_id=85"},"modified":"2023-06-28T11:45:28","modified_gmt":"2023-06-28T09:45:28","slug":"auftragsbearbeitung-ticketsystem","status":"publish","type":"page","link":"https:\/\/www.asntech.net\/index.php\/home\/auftragsbearbeitung-ticketsystem\/","title":{"rendered":"Auftragsbearbeitung"},"content":{"rendered":"\n<p>F\u00fcr unsere Kunden bieten wir auf Anfrage per Mail oder telefonisch ab sofort die M\u00f6glichkeit an, Anliegen und zu bearbeitende Aufgaben an uns strukturiert zu \u00fcbermitteln. Dar\u00fcber hinaus setzten wir unsere Kunden mit diesem Werkzeug jederzeit \u00fcber den aktuellen Bearbeitungsstand der Aufgaben in Kenntnis.<\/p>\n\n\n\n<p><strong><a href=\"https:\/\/helpdesk.asntech.net\/otobo\/customer.pl\" data-type=\"URL\" target=\"_blank\" rel=\"noreferrer noopener\">Unser Ticketsystem<\/a><\/strong><\/p>\n\n\n\n<p><strong><a href=\"https:\/\/outlook.office365.com\/owa\/calendar\/ASNTECHGmbHSupportundAufgabenterminplanung@konsumrebellen.onmicrosoft.com\/bookings\/\" data-type=\"URL\" data-id=\"https:\/\/outlook.office365.com\/owa\/calendar\/ASNTECHGmbHSupportundAufgabenterminplanung@konsumrebellen.onmicrosoft.com\/bookings\/\" target=\"_blank\" rel=\"noreferrer noopener\">Unser Terminplanungssystem<\/a><\/strong><\/p>\n\n\n\n<p>Sollten Fragen und Anregungen zur Handhabung selbst bestehen, z\u00f6gern Sie nicht uns in Kennis setzen.<\/p>\n","protected":false},"excerpt":{"rendered":"<p>F\u00fcr unsere Kunden bieten wir auf Anfrage per Mail oder telefonisch ab sofort die M\u00f6glichkeit an, Anliegen und zu bearbeitende Aufgaben an uns strukturiert zu \u00fcbermitteln. Dar\u00fcber hinaus setzten wir unsere Kunden mit diesem Werkzeug jederzeit \u00fcber den aktuellen Bearbeitungsstand&#8230; <a href=\"https:\/\/www.asntech.net\/index.php\/home\/auftragsbearbeitung-ticketsystem\/\" class=\"readmore\">Weiterlesen<span class=\"screen-reader-text\">Auftragsbearbeitung<\/span><span class=\"fa fa-angle-double-right\" aria-hidden=\"true\"><\/span><\/a><\/p>\n","protected":false},"author":1,"featured_media":0,"parent":7,"menu_order":0,"comment_status":"closed","ping_status":"closed","template":"","meta":{"footnotes":""},"class_list":["post-85","page","type-page","status-publish","hentry"],"jetpack_sharing_enabled":true,"_links":{"self":[{"href":"https:\/\/www.asntech.net\/index.php\/wp-json\/wp\/v2\/pages\/85","targetHints":{"allow":["GET"]}}],"collection":[{"href":"https:\/\/www.asntech.net\/index.php\/wp-json\/wp\/v2\/pages"}],"about":[{"href":"https:\/\/www.asntech.net\/index.php\/wp-json\/wp\/v2\/types\/page"}],"author":[{"embeddable":true,"href":"https:\/\/www.asntech.net\/index.php\/wp-json\/wp\/v2\/users\/1"}],"replies":[{"embeddable":true,"href":"https:\/\/www.asntech.net\/index.php\/wp-json\/wp\/v2\/comments?post=85"}],"version-history":[{"count":8,"href":"https:\/\/www.asntech.net\/index.php\/wp-json\/wp\/v2\/pages\/85\/revisions"}],"predecessor-version":[{"id":202596,"href":"https:\/\/www.asntech.net\/index.php\/wp-json\/wp\/v2\/pages\/85\/revisions\/202596"}],"up":[{"embeddable":true,"href":"https:\/\/www.asntech.net\/index.php\/wp-json\/wp\/v2\/pages\/7"}],"wp:attachment":[{"href":"https:\/\/www.asntech.net\/index.php\/wp-json\/wp\/v2\/media?parent=85"}],"curies":[{"name":"wp","href":"https:\/\/api.w.org\/{rel}","templated":true}]}}